{"id":1484,"date":"2021-04-13T10:42:27","date_gmt":"2021-04-13T08:42:27","guid":{"rendered":"http:\/\/dpf.zoom.usermd.net\/?page_id=1484"},"modified":"2023-12-21T13:19:33","modified_gmt":"2023-12-21T12:19:33","slug":"usluga-regeneracji-dpf","status":"publish","type":"page","link":"https:\/\/dpf.marwis.pl\/en\/usluga-regeneracji-dpf\/","title":{"rendered":"O Fabryce"},"content":{"rendered":"<p>[vc_row css=&#8221;.vc_custom_1610444886259{padding-top: 80px !important;}&#8221;][vc_column width=&#8221;6\/12&#8243; css=&#8221;.vc_custom_1539264137946{padding-right: 30px !important;}&#8221;][vc_single_image image=&#8221;777&#8243; img_size=&#8221;full&#8221; css_animation=&#8221;none&#8221; css=&#8221;.vc_custom_1613044121232{padding-top: 30px !important;padding-right: 40px !important;padding-left: 15px !important;}&#8221;][\/vc_column][vc_column width=&#8221;6\/12&#8243; css=&#8221;.vc_custom_1539264149729{padding-left: 30px !important;}&#8221;]\r\n    <div class=\"section_title\" style=\"text-align: left; margin: 0px auto 0px; padding: 0;\">\r\n        <h2 style=\"font-size:34px; color: #0066bf; font-weight: 800;\"> O nas <\/h2>\r\n         <div class=\"br\" style=\"\"><\/div>             <\/div>\r\n\r\n    [vc_column_text css=&#8221;.vc_custom_1610552462301{margin-top: 40px !important;}&#8221;]Dzia\u0142amy na rynku od 20 lat. Maj\u0105c d\u0142ugoletnie do\u015bwiadczenie w bran\u017cy jeste\u015bmy znan\u0105, docenian\u0105 mark\u0105 w Europie i wiod\u0105cym producentem w Polsce. Tworzymy niezawodne urz\u0105dzenia czyszcz\u0105co-myj\u0105ce, kt\u00f3re znalaz\u0142y zastosowanie i doskonale sprawdzi\u0142y si\u0119 w niejednym zak\u0142adzie przemys\u0142owym czy warsztacie. Kompleksow\u0105 ofert\u0119 uzupe\u0142niaj\u0105 \u015brodki chemiczne.[\/vc_column_text][\/vc_column][\/vc_row][vc_row rtl_reverse=&#8221;yes&#8221; css=&#8221;.vc_custom_1610445191668{padding-bottom: 50px !important;}&#8221;][vc_column width=&#8221;1\/2&#8243; offset=&#8221;vc_hidden-md vc_hidden-sm vc_hidden-xs&#8221;]\r\n    <div class=\"section_title\" style=\"text-align: left; margin: 50px auto 0px; padding: 0;\">\r\n        <h2 style=\"font-size:34px; color: #0066bf; font-weight: 800;\"> Dlaczego Marwis? <\/h2>\r\n         <div class=\"br\" style=\"\"><\/div>             <\/div>\r\n\r\n    [vc_column_text css=&#8221;.vc_custom_1610552457399{margin-top: 40px !important;}&#8221;]Zapewniamy najnowsz\u0105 technologi\u0119, serwis producenta, gwarancj\u0119 jako\u015bci &#8211; dzi\u0119ki kadrze specjalist\u00f3w. Najwa\u017cniejsi s\u0105 ludzie i zadowolenie Klient\u00f3w, dlatego do ka\u017cdego zlecenia podchodzimy indywidualnie. W Marwis mo\u017cesz liczy\u0107 na fachowe doradztwo. Dysponujemy nowoczesn\u0105 hal\u0105 produkcyjn\u0105 i w\u0142asnym centrum innowacji. Zapraszamy do wsp\u00f3\u0142pracy![\/vc_column_text][\/vc_column][vc_column width=&#8221;1\/2&#8243; offset=&#8221;vc_hidden-md vc_hidden-sm vc_hidden-xs&#8221;][vc_single_image image=&#8221;752&#8243; img_size=&#8221;500&#215;650&#8243; alignment=&#8221;right&#8221; css_animation=&#8221;none&#8221; css=&#8221;.vc_custom_1612439450444{margin-right: -60px !important;}&#8221;][\/vc_column][\/vc_row][vc_row rtl_reverse=&#8221;yes&#8221;][vc_column width=&#8221;1\/2&#8243; offset=&#8221;vc_hidden-lg&#8221;][vc_single_image image=&#8221;752&#8243; img_size=&#8221;500&#215;650&#8243; alignment=&#8221;right&#8221; css_animation=&#8221;none&#8221; css=&#8221;.vc_custom_1612439459747{margin-right: 0px !important;}&#8221;][\/vc_column][vc_column width=&#8221;1\/2&#8243; offset=&#8221;vc_hidden-lg&#8221;]\r\n    <div class=\"section_title\" style=\"text-align: left; margin: 50px auto 0px; padding: 0;\">\r\n        <h2 style=\"font-size:34px; color: #0066bf; font-weight: 800;\"> Dlaczego Marwis? <\/h2>\r\n         <div class=\"br\" style=\"\"><\/div>             <\/div>\r\n\r\n    [vc_column_text css=&#8221;.vc_custom_1610552449345{margin-top: 20px !important;}&#8221;]Zapewniamy najnowsz\u0105 technologi\u0119, serwis producenta, gwarancj\u0119 jako\u015bci &#8211; dzi\u0119ki kadrze specjalist\u00f3w. Najwa\u017cniejsi s\u0105 ludzie i zadowolenie Klient\u00f3w, dlatego do ka\u017cdego zlecenia podchodzimy indywidualnie. W Marwis mo\u017cesz liczy\u0107 na fachowe doradztwo. Dysponujemy nowoczesn\u0105 hal\u0105 produkcyjn\u0105 i w\u0142asnym centrum innowacji. Zapraszamy do wsp\u00f3\u0142pracy![\/vc_column_text][\/vc_column][\/vc_row][vc_row][vc_column width=&#8221;6\/12&#8243; css=&#8221;.vc_custom_1539264137946{padding-right: 30px !important;}&#8221;][vc_single_image image=&#8221;777&#8243; img_size=&#8221;full&#8221; css_animation=&#8221;none&#8221; css=&#8221;.vc_custom_1613044127256{padding-top: 30px !important;padding-right: 40px !important;padding-left: 15px !important;}&#8221;][\/vc_column][vc_column width=&#8221;6\/12&#8243; css=&#8221;.vc_custom_1539264149729{padding-left: 30px !important;}&#8221;]\r\n    <div class=\"section_title\" style=\"text-align: left; margin: 0px auto 0px; padding: 0;\">\r\n        <h2 style=\"font-size:34px; color: #0066bf; font-weight: 800;\"> O nas <\/h2>\r\n         <div class=\"br\" style=\"\"><\/div>             <\/div>\r\n\r\n    [vc_column_text css=&#8221;.vc_custom_1610552462301{margin-top: 40px !important;}&#8221;]Dzia\u0142amy na rynku od 20 lat. Maj\u0105c d\u0142ugoletnie do\u015bwiadczenie w bran\u017cy jeste\u015bmy znan\u0105, docenian\u0105 mark\u0105 w Europie i wiod\u0105cym producentem w Polsce. Tworzymy niezawodne urz\u0105dzenia czyszcz\u0105co-myj\u0105ce, kt\u00f3re znalaz\u0142y zastosowanie i doskonale sprawdzi\u0142y si\u0119 w niejednym zak\u0142adzie przemys\u0142owym czy warsztacie. Kompleksow\u0105 ofert\u0119 uzupe\u0142niaj\u0105 \u015brodki chemiczne.[\/vc_column_text][\/vc_column][\/vc_row][vc_row content_placement=&#8221;middle&#8221;][vc_column]\r\n    <div class=\"section_title\" style=\"text-align: center; margin: 50px auto 0px; padding: 0;\">\r\n        <h2 style=\"font-size:34px; color: #0066bf; font-weight: 800;\"> Spacer po firmie <\/h2>\r\n         <div class=\"br\" style=\"margin: 0 auto;\"><\/div>             <\/div>\r\n\r\n    [vc_raw_html css=&#8221;.vc_custom_1610450779859{margin-top: 20px !important;}&#8221;]JTVCbWV0YV9nYWxsZXJ5X2Nhcm91c2VsJTIwaWQlM0QlMjI3OTMlMjIlNUQ=[\/vc_raw_html][\/vc_column][\/vc_row][vc_row][vc_column]\r\n    <div class=\"section_title\" style=\"text-align: center; margin: 50px auto 50px; padding: 0;\">\r\n        <h2 style=\"font-size:34px; color: #0066bf; font-weight: 800;\"> Galeria <\/h2>\r\n         <div class=\"br\" style=\"margin: 0 auto;\"><\/div>             <\/div>\r\n\r\n    [vc_masonry_media_grid style=&#8221;load-more&#8221; items_per_page=&#8221;8&#8243; element_width=&#8221;3&#8243; btn_title=&#8221;Zobacz wi\u0119cej&#8221; grid_id=&#8221;vc_gid:1613044113708-ca194ea6-6dff-6&#8243; include=&#8221;783,777,765,763,758,759,760,761,762,717,720,721,722,723,704,705,701,699,706,724&#8243;][\/vc_column][\/vc_row]<\/p>","protected":false},"excerpt":{"rendered":"<p>[vc_row css=&#8221;.vc_custom_1610444886259{padding-top: 80px !important;}&#8221;][vc_column width=&#8221;6\/12&#8243; css=&#8221;.vc_custom_1539264137946{padding-right: 30px !important;}&#8221;][vc_single_image image=&#8221;777&#8243; img_size=&#8221;full&#8221; css_animation=&#8221;none&#8221; css=&#8221;.vc_custom_1613044121232{padding-top: 30px !important;padding-right: 40px !important;padding-left: 15px !important;}&#8221;][\/vc_column][vc_column width=&#8221;6\/12&#8243; css=&#8221;.vc_custom_1539264149729{padding-left: 30px !important;}&#8221;][vc_column_text css=&#8221;.vc_custom_1610552462301{margin-top: 40px !important;}&#8221;]Dzia\u0142amy na rynku od 20 lat. Maj\u0105c d\u0142ugoletnie do\u015bwiadczenie w bran\u017cy jeste\u015bmy znan\u0105, docenian\u0105 mark\u0105 w Europie i wiod\u0105cym producentem w Polsce. Tworzymy niezawodne urz\u0105dzenia czyszcz\u0105co-myj\u0105ce, kt\u00f3re znalaz\u0142y zastosowanie i doskonale [&hellip;]<\/p>\n","protected":false},"author":1,"featured_media":0,"parent":0,"menu_order":0,"comment_status":"closed","ping_status":"closed","template":"","meta":[],"_links":{"self":[{"href":"https:\/\/dpf.marwis.pl\/en\/wp-json\/wp\/v2\/pages\/1484"}],"collection":[{"href":"https:\/\/dpf.marwis.pl\/en\/wp-json\/wp\/v2\/pages"}],"about":[{"href":"https:\/\/dpf.marwis.pl\/en\/wp-json\/wp\/v2\/types\/page"}],"author":[{"embeddable":true,"href":"https:\/\/dpf.marwis.pl\/en\/wp-json\/wp\/v2\/users\/1"}],"replies":[{"embeddable":true,"href":"https:\/\/dpf.marwis.pl\/en\/wp-json\/wp\/v2\/comments?post=1484"}],"version-history":[{"count":12,"href":"https:\/\/dpf.marwis.pl\/en\/wp-json\/wp\/v2\/pages\/1484\/revisions"}],"predecessor-version":[{"id":1636,"href":"https:\/\/dpf.marwis.pl\/en\/wp-json\/wp\/v2\/pages\/1484\/revisions\/1636"}],"wp:attachment":[{"href":"https:\/\/dpf.marwis.pl\/en\/wp-json\/wp\/v2\/media?parent=1484"}],"curies":[{"name":"wp","href":"https:\/\/api.w.org\/{rel}","templated":true}]}}