{"id":1481,"date":"2021-04-13T10:39:01","date_gmt":"2021-04-13T08:39:01","guid":{"rendered":"http:\/\/dpf.zoom.usermd.net\/?page_id=1481"},"modified":"2023-10-27T15:37:48","modified_gmt":"2023-10-27T13:37:48","slug":"o-maszynie","status":"publish","type":"page","link":"https:\/\/dpf.marwis.pl\/en\/o-maszynie\/","title":{"rendered":"O Fabryce"},"content":{"rendered":"<p><\/p>\n<p>[vc_row css=&#8221;.vc_custom_1610444886259{padding-top: 80px !important;}&#8221;][vc_column width=&#8221;6\/12&#8243; css=&#8221;.vc_custom_1539264137946{padding-right: 30px !important;}&#8221;][vc_single_image image=&#8221;1462&#8243; img_size=&#8221;full&#8221; css_animation=&#8221;none&#8221; css=&#8221;.vc_custom_1698313191923{padding-top: 30px !important;padding-right: 40px !important;padding-left: 15px !important;}&#8221;][\/vc_column][vc_column width=&#8221;6\/12&#8243; css=&#8221;.vc_custom_1539264149729{padding-left: 30px !important;}&#8221;]\r\n    <div class=\"section_title\" style=\"text-align: left; margin: 0px auto 0px; padding: 0;\">\r\n        <h2 style=\"font-size:34px; color: #0066bf; font-weight: 800;\"> Dlaczego DPF DUO PREMIUM? <\/h2>\r\n         <div class=\"br\" style=\"\"><\/div>             <\/div>\r\n\r\n    [vc_column_text css=&#8221;.vc_custom_1610552462301{margin-top: 40px !important;}&#8221;]Dzia\u0142amy na rynku od 20 lat. Maj\u0105c d\u0142ugoletnie do\u015bwiadczenie w bran\u017cy jeste\u015bmy znan\u0105, docenian\u0105 mark\u0105 w Europie i wiod\u0105cym producentem w Polsce. Tworzymy niezawodne urz\u0105dzenia czyszcz\u0105co-myj\u0105ce, kt\u00f3re znalaz\u0142y zastosowanie i doskonale sprawdzi\u0142y si\u0119 w niejednym zak\u0142adzie przemys\u0142owym czy warsztacie. Kompleksow\u0105 ofert\u0119 uzupe\u0142niaj\u0105 \u015brodki chemiczne.[\/vc_column_text][\/vc_column][\/vc_row][vc_row rtl_reverse=&#8221;yes&#8221; css=&#8221;.vc_custom_1610445191668{padding-bottom: 50px !important;}&#8221;][vc_column width=&#8221;1\/2&#8243; offset=&#8221;vc_hidden-md vc_hidden-sm vc_hidden-xs&#8221;][\/vc_column][vc_column width=&#8221;1\/2&#8243; offset=&#8221;vc_hidden-md vc_hidden-sm vc_hidden-xs&#8221;][\/vc_column][\/vc_row][vc_row content_placement=&#8221;middle&#8221;][vc_column]\r\n    <div class=\"section_title\" style=\"text-align: center; margin: 50px auto 0px; padding: 0;\">\r\n        <h2 style=\"font-size:34px; color: #0066bf; font-weight: 800;\"> Spacer po firmie <\/h2>\r\n         <div class=\"br\" style=\"margin: 0 auto;\"><\/div>             <\/div>\r\n\r\n    [vc_raw_html css=&#8221;.vc_custom_1610450779859{margin-top: 20px !important;}&#8221;]JTVCbWV0YV9nYWxsZXJ5X2Nhcm91c2VsJTIwaWQlM0QlMjI3OTMlMjIlNUQ=[\/vc_raw_html][\/vc_column][\/vc_row][vc_row][vc_column]\r\n    <div class=\"section_title\" style=\"text-align: center; margin: 50px auto 50px; padding: 0;\">\r\n        <h2 style=\"font-size:34px; color: #0066bf; font-weight: 800;\"> Galeria <\/h2>\r\n         <div class=\"br\" style=\"margin: 0 auto;\"><\/div>             <\/div>\r\n\r\n    [vc_masonry_media_grid style=&#8221;load-more&#8221; items_per_page=&#8221;8&#8243; element_width=&#8221;3&#8243; btn_title=&#8221;Zobacz wi\u0119cej&#8221; grid_id=&#8221;vc_gid:1698310335413-620ca1689cb3f67fde997d2f0aa74c58-6&#8243; include=&#8221;783,777,765,763,758,759,760,761,762,717,720,721,722,723,704,705,701,699,706,724&#8243;][\/vc_column][\/vc_row]<\/p>\n<p><\/p>","protected":false},"excerpt":{"rendered":"<p>[vc_row css=&#8221;.vc_custom_1610444886259{padding-top: 80px !important;}&#8221;][vc_column width=&#8221;6\/12&#8243; css=&#8221;.vc_custom_1539264137946{padding-right: 30px !important;}&#8221;][vc_single_image image=&#8221;1462&#8243; img_size=&#8221;full&#8221; css_animation=&#8221;none&#8221; css=&#8221;.vc_custom_1698313191923{padding-top: 30px !important;padding-right: 40px !important;padding-left: 15px !important;}&#8221;][\/vc_column][vc_column width=&#8221;6\/12&#8243; css=&#8221;.vc_custom_1539264149729{padding-left: 30px !important;}&#8221;][vc_column_text css=&#8221;.vc_custom_1610552462301{margin-top: 40px !important;}&#8221;]Dzia\u0142amy na rynku od 20 lat. Maj\u0105c d\u0142ugoletnie do\u015bwiadczenie w bran\u017cy jeste\u015bmy znan\u0105, docenian\u0105 mark\u0105 w Europie i wiod\u0105cym producentem w Polsce. Tworzymy niezawodne urz\u0105dzenia czyszcz\u0105co-myj\u0105ce, kt\u00f3re znalaz\u0142y zastosowanie i doskonale [&hellip;]<\/p>\n","protected":false},"author":1,"featured_media":0,"parent":0,"menu_order":0,"comment_status":"closed","ping_status":"closed","template":"","meta":[],"_links":{"self":[{"href":"https:\/\/dpf.marwis.pl\/en\/wp-json\/wp\/v2\/pages\/1481"}],"collection":[{"href":"https:\/\/dpf.marwis.pl\/en\/wp-json\/wp\/v2\/pages"}],"about":[{"href":"https:\/\/dpf.marwis.pl\/en\/wp-json\/wp\/v2\/types\/page"}],"author":[{"embeddable":true,"href":"https:\/\/dpf.marwis.pl\/en\/wp-json\/wp\/v2\/users\/1"}],"replies":[{"embeddable":true,"href":"https:\/\/dpf.marwis.pl\/en\/wp-json\/wp\/v2\/comments?post=1481"}],"version-history":[{"count":17,"href":"https:\/\/dpf.marwis.pl\/en\/wp-json\/wp\/v2\/pages\/1481\/revisions"}],"predecessor-version":[{"id":1606,"href":"https:\/\/dpf.marwis.pl\/en\/wp-json\/wp\/v2\/pages\/1481\/revisions\/1606"}],"wp:attachment":[{"href":"https:\/\/dpf.marwis.pl\/en\/wp-json\/wp\/v2\/media?parent=1481"}],"curies":[{"name":"wp","href":"https:\/\/api.w.org\/{rel}","templated":true}]}}