{"id":920,"date":"2021-02-04T13:21:57","date_gmt":"2021-02-04T12:21:57","guid":{"rendered":"http:\/\/marwis.zoom.usermd.net\/?page_id=920"},"modified":"2025-03-03T10:29:28","modified_gmt":"2025-03-03T09:29:28","slug":"kontakt","status":"publish","type":"page","link":"https:\/\/dpf.marwis.pl\/de\/kontakt\/","title":{"rendered":"Kontakt"},"content":{"rendered":"<p>[vc_row css=&#8221;.vc_custom_1610444886259{padding-top: 80px !important;}&#8221;][vc_column width=&#8221;6\/12&#8243; css=&#8221;.vc_custom_1539264137946{padding-right: 30px !important;}&#8221;][vc_column_text]<\/p>\n<div class=\"location_address fleft\">\n<div class=\"location_address fleft\">\n<div class=\"location_address fleft\"><strong>Marwis<\/strong><br \/>\nMarcin Wi\u015bniewski<br \/>\nPrzylep-Zak\u0142adowa 17<br \/>\n66-015 Zielona G\u00f3ra<\/div>\n<div class=\"fleft contact_no\">Tel <a href=\"tel:+48731666200\"><strong>+48 731 666 200<\/strong><\/a><\/div>\n<\/div>\n<\/div>\n<p>[\/vc_column_text][\/vc_column][vc_column width=&#8221;6\/12&#8243; css=&#8221;.vc_custom_1539264149729{padding-left: 30px !important;}&#8221;]<div role=\"form\" class=\"wpcf7\" id=\"wpcf7-f504-o2\" lang=\"en-US\" dir=\"ltr\">\n<div class=\"screen-reader-response\"><p role=\"status\" aria-live=\"polite\" aria-atomic=\"true\"><\/p> <ul><\/ul><\/div>\n<form action=\"\/de\/wp-json\/wp\/v2\/pages\/920#wpcf7-f504-o2\" method=\"post\" class=\"wpcf7-form init\" novalidate=\"novalidate\" data-status=\"init\">\n<div style=\"display: none;\">\n<input type=\"hidden\" name=\"_wpcf7\" value=\"504\" \/>\n<input type=\"hidden\" name=\"_wpcf7_version\" value=\"5.4\" \/>\n<input type=\"hidden\" name=\"_wpcf7_locale\" value=\"en_US\" \/>\n<input type=\"hidden\" name=\"_wpcf7_unit_tag\" value=\"wpcf7-f504-o2\" \/>\n<input type=\"hidden\" name=\"_wpcf7_container_post\" value=\"0\" \/>\n<input type=\"hidden\" name=\"_wpcf7_posted_data_hash\" value=\"\" \/>\n<\/div>\n<div class=\"row\">\n<div class=\"col-sm-6 form-group\">\n    <span class=\"wpcf7-form-control-wrap text-754\"><input type=\"text\" name=\"text-754\" value=\"\" size=\"40\" class=\"wpcf7-form-control wpcf7-text wpcf7-validates-as-required form-control contact-fname\" aria-required=\"true\" aria-invalid=\"false\" placeholder=\"Imi\u0119 i nazwisko\" \/><\/span>\n  <\/div>\n<div class=\"col-sm-6 form-group\">\n    <span class=\"wpcf7-form-control-wrap email-506\"><input type=\"email\" name=\"email-506\" value=\"\" size=\"40\" class=\"wpcf7-form-control wpcf7-text wpcf7-email wpcf7-validates-as-required wpcf7-validates-as-email form-control contact-mail\" aria-required=\"true\" aria-invalid=\"false\" placeholder=\"Email\" \/><\/span>\n  <\/div>\n<div class=\"col-sm-6 form-group\">\n    <span class=\"wpcf7-form-control-wrap tel-76\"><input type=\"tel\" name=\"tel-76\" value=\"\" size=\"40\" class=\"wpcf7-form-control wpcf7-text wpcf7-tel wpcf7-validates-as-tel form-control contact-phone\" aria-invalid=\"false\" placeholder=\"Telefon\" \/><\/span>\n  <\/div>\n<div class=\"col-sm-6 form-group\">\n    <span class=\"wpcf7-form-control-wrap text-754\"><input type=\"text\" name=\"text-754\" value=\"\" size=\"40\" class=\"wpcf7-form-control wpcf7-text wpcf7-validates-as-required form-control contact-subject\" aria-required=\"true\" aria-invalid=\"false\" placeholder=\"Firma\" \/><\/span>\n  <\/div>\n<div class=\"col-sm-12 form-group\">\n    <span class=\"wpcf7-form-control-wrap textarea-191\"><textarea name=\"textarea-191\" cols=\"40\" rows=\"10\" class=\"wpcf7-form-control wpcf7-textarea wpcf7-validates-as-required form-control contact-message\" aria-required=\"true\" aria-invalid=\"false\" placeholder=\"Wiadomo\u015b\u0107\"><\/textarea><\/span>\n  <\/div>\n<div class=\"col-sm-6 form-group\">\n<\/div>\n<div class=\"col-sm-6 form-group\">\n    <input type=\"submit\" value=\"Wy\u015blij wiadomo\u015b\u0107\" class=\"wpcf7-form-control wpcf7-submit btn thm-btn\" \/><br \/>\n    <span class=\"contact-submit-progress\"><\/span><\/p>\n<p class=\"contact-submit-message\">\n<\/div>\n<\/div>\n<div class=\"wpcf7-response-output\" aria-hidden=\"true\"><\/div><\/form><\/div>[\/vc_column][\/vc_row][vc_row full_width=&#8221;stretch_row_content_no_spaces&#8221;][vc_column][vc_gmaps link=&#8221;#E-8_JTNDaWZyYW1lJTIwc2Nyb2xsaW5nJTNEJTIybm8lMjIlMjBtYXJnaW5oZWlnaHQlM0QlMjIwJTIyJTIwbWFyZ2lud2lkdGglM0QlMjIwJTIyJTIwc3JjJTNEJTIyaHR0cHMlM0ElMkYlMkZtYXBzLmdvb2dsZS5jb20lMkZtYXBzJTNGd2lkdGglM0QxMDAlMjUyNSUyNmFtcCUzQmhlaWdodCUzRDYwMCUyNmFtcCUzQmhsJTNEZW4lMjZhbXAlM0JxJTNEJTJCJTI4TWFyd2lzJTI5JTI2YW1wJTNCdCUzRCUyNmFtcCUzQnolM0QxNCUyNmFtcCUzQmllJTNEVVRGOCUyNmFtcCUzQml3bG9jJTNEQiUyNmFtcCUzQm91dHB1dCUzRGVtYmVkJTIyJTIwd2lkdGglM0QlMjIxMDAlMjUlMjIlMjBoZWlnaHQlM0QlMjI2MDAlMjIlMjBmcmFtZWJvcmRlciUzRCUyMjAlMjIlM0UlM0MlMkZpZnJhbWUlM0U=&#8221;][\/vc_column][\/vc_row]<\/p>","protected":false},"excerpt":{"rendered":"<p>[vc_row css=&#8221;.vc_custom_1610444886259{padding-top: 80px !important;}&#8221;][vc_column width=&#8221;6\/12&#8243; css=&#8221;.vc_custom_1539264137946{padding-right: 30px !important;}&#8221;][vc_column_text] Marwis Marcin Wi\u015bniewski Przylep-Zak\u0142adowa 17 66-015 Zielona G\u00f3ra Tel +48 731 666 200 [\/vc_column_text][\/vc_column][vc_column width=&#8221;6\/12&#8243; css=&#8221;.vc_custom_1539264149729{padding-left: 30px !important;}&#8221;][\/vc_column][\/vc_row][vc_row full_width=&#8221;stretch_row_content_no_spaces&#8221;][vc_column][vc_gmaps link=&#8221;#E-8_JTNDaWZyYW1lJTIwc2Nyb2xsaW5nJTNEJTIybm8lMjIlMjBtYXJnaW5oZWlnaHQlM0QlMjIwJTIyJTIwbWFyZ2lud2lkdGglM0QlMjIwJTIyJTIwc3JjJTNEJTIyaHR0cHMlM0ElMkYlMkZtYXBzLmdvb2dsZS5jb20lMkZtYXBzJTNGd2lkdGglM0QxMDAlMjUyNSUyNmFtcCUzQmhlaWdodCUzRDYwMCUyNmFtcCUzQmhsJTNEZW4lMjZhbXAlM0JxJTNEJTJCJTI4TWFyd2lzJTI5JTI2YW1wJTNCdCUzRCUyNmFtcCUzQnolM0QxNCUyNmFtcCUzQmllJTNEVVRGOCUyNmFtcCUzQml3bG9jJTNEQiUyNmFtcCUzQm91dHB1dCUzRGVtYmVkJTIyJTIwd2lkdGglM0QlMjIxMDAlMjUlMjIlMjBoZWlnaHQlM0QlMjI2MDAlMjIlMjBmcmFtZWJvcmRlciUzRCUyMjAlMjIlM0UlM0MlMkZpZnJhbWUlM0U=&#8221;][\/vc_column][\/vc_row]<\/p>\n","protected":false},"author":1,"featured_media":0,"parent":0,"menu_order":0,"comment_status":"closed","ping_status":"closed","template":"","meta":[],"_links":{"self":[{"href":"https:\/\/dpf.marwis.pl\/de\/wp-json\/wp\/v2\/pages\/920"}],"collection":[{"href":"https:\/\/dpf.marwis.pl\/de\/wp-json\/wp\/v2\/pages"}],"about":[{"href":"https:\/\/dpf.marwis.pl\/de\/wp-json\/wp\/v2\/types\/page"}],"author":[{"embeddable":true,"href":"https:\/\/dpf.marwis.pl\/de\/wp-json\/wp\/v2\/users\/1"}],"replies":[{"embeddable":true,"href":"https:\/\/dpf.marwis.pl\/de\/wp-json\/wp\/v2\/comments?post=920"}],"version-history":[{"count":25,"href":"https:\/\/dpf.marwis.pl\/de\/wp-json\/wp\/v2\/pages\/920\/revisions"}],"predecessor-version":[{"id":1659,"href":"https:\/\/dpf.marwis.pl\/de\/wp-json\/wp\/v2\/pages\/920\/revisions\/1659"}],"wp:attachment":[{"href":"https:\/\/dpf.marwis.pl\/de\/wp-json\/wp\/v2\/media?parent=920"}],"curies":[{"name":"wp","href":"https:\/\/api.w.org\/{rel}","templated":true}]}}