{"id":1481,"date":"2021-04-13T10:39:01","date_gmt":"2021-04-13T08:39:01","guid":{"rendered":"http:\/\/dpf.zoom.usermd.net\/?page_id=1481"},"modified":"2023-10-27T15:37:48","modified_gmt":"2023-10-27T13:37:48","slug":"o-maszynie","status":"publish","type":"page","link":"https:\/\/dpf.marwis.pl\/de\/o-maszynie\/","title":{"rendered":"O Fabryce"},"content":{"rendered":"<p>[vc_row css=&#8221;.vc_custom_1610444886259{padding-top: 80px !important;}&#8221;][vc_column css=&#8221;.vc_custom_1539264149729{padding-left: 30px !important;}&#8221;]\r\n    <div class=\"section_title\" style=\"text-align: left; margin: 0px auto 0px; padding: 0;\">\r\n        <h2 style=\"font-size:34px; color: #0066bf; font-weight: 800;\"> Warum DPF DUO PREMIUM? <\/h2>\r\n         <div class=\"br\" style=\"\"><\/div>             <\/div>\r\n\r\n    [vc_column_text css=&#8221;.vc_custom_1698391024466{margin-top: 40px !important;}&#8221;]Wir haben starke Argumente f\u00fcr diese Wahl:<\/p>\n<p>\u2013Polnischer Hersteller \u2013 Polnischer Service! Wie jedes technische Ger\u00e4t kann auch die DPF-Waschanlage ausfallen. Durch den Zugriff auf den Service des Herstellers kann der Endkunde sicher sein, dass der Fehler schnell behoben wird. Sowohl im Rahmen der Garantie als auch danach bieten wir Service f\u00fcr unsere Maschinen und alle Ersatzteile an.<\/p>\n<p>-moderne L\u00f6sungen. Als einer der f\u00fchrenden Hersteller von Waschanlagen beobachtet Marwis st\u00e4ndig Trends und Marktbed\u00fcrfnisse, um seine Position nicht zu verlieren. Durch den Kauf einer Maschine bei unserem Unternehmen erh\u00e4lt der Kunde eine moderne, funktionale Ausstattung, die die aktuelle Arbeit erleichtert und beschleunigt oder Perspektiven in neue Marktbereiche er\u00f6ffnet, die bisher nicht verf\u00fcgbar waren.<\/p>\n<p>-Guter Preis. Trotz der st\u00e4ndigen Implementierung neuer L\u00f6sungen und der st\u00e4ndigen Verbesserung der Funktionalit\u00e4t achten wir darauf, dass unsere Maschinen ein g\u00fcnstiges Preis-Leistungs-Verh\u00e4ltnis aufweisen.<\/p>\n<p>-Qualit\u00e4t. Wir sparen nicht an den Produktionskosten auf Kosten der Qualit\u00e4t \u2013 das war uns von Anfang an sehr wichtig. Wir w\u00e4hlen die Komponenten sehr sorgf\u00e4ltig aus \u2013 in der Regel w\u00e4hlen wir die f\u00fchrenden Unternehmen in einem bestimmten Bereich aus. Wir verlangen von unserem Team, dass es auf jedes Detail des Produkts achtet \u2013 von der Entwurfsphase bis zur Montage.<\/p>\n<p>-Gesellschaftliche Verantwortung. Indem Sie bei Marwis einkaufen, unterst\u00fctzen Sie ein Unternehmen, das seit seiner Gr\u00fcndung Beziehungen zu verschiedenen Interessengruppen aufbaut. Wir investieren in die Entwicklung von Mitarbeitern auf allen Ebenen und bauen langfristige, gegenseitig respektvolle Beziehungen zu Auftragnehmern \u2013 sowohl Lieferanten als auch Empf\u00e4ngern \u2013 auf. Marwis unterst\u00fctzt Sportler sowie pro-soziale Initiativen und Aktivit\u00e4ten. Besonderes Augenmerk legen wir auf den Schutz der nat\u00fcrlichen Umwelt. Wir versuchen sicherzustellen, dass unser Produktionsprozess und der Betrieb unserer Ger\u00e4te die Umwelt so wenig wie m\u00f6glich beeintr\u00e4chtigen.[\/vc_column_text][\/vc_column][\/vc_row][vc_row rtl_reverse=&#8221;yes&#8221; css=&#8221;.vc_custom_1610445191668{padding-bottom: 50px !important;}&#8221;][vc_column offset=&#8221;vc_hidden-md vc_hidden-sm vc_hidden-xs&#8221;]\r\n    <div class=\"section_title\" style=\"text-align: left; margin: 0px auto 0px; padding: 0;\">\r\n        <h2 style=\"font-size:34px; color: #0066bf; font-weight: 800;\"> Vorteile von DPF DUO PREMIUM <\/h2>\r\n         <div class=\"br\" style=\"\"><\/div>             <\/div>\r\n\r\n    [vc_column_text]-Ein separater Trockner verdoppelt die Arbeitseffizienz<br \/>\n-Wir sind das einzige Unternehmen mit einem gro\u00dfen Schlauchquerschnitt, an den der DPF angeschlossen wird. Gro\u00dfer Querschnitt = viel Wasser.<br \/>\n-Unser Filtermontagesystem ist frei von Elementen, die im DPF-Filterrohr platziert sind und den Wasserstrom blockieren. Dadurch k\u00f6nnen Sie die volle Kapazit\u00e4t der Wasser- und Luftpumpe nutzen und so die Regenerationszeit verk\u00fcrzen.<br \/>\n-Eine gro\u00dfe Anzahl von Befestigungselementen mit einer durchdachten Form erm\u00f6glichen eine schnelle Verbindung des DPF. W\u00e4hrend der Filter gereinigt wird, kann der Bediener bereits den n\u00e4chsten vorbereiten, wodurch sich die \u00dcberspannungszeit auf wenige Sekunden reduziert.<br \/>\n-Die gro\u00dfe Kabine gibt Ihnen die Freiheit, den zu reinigenden Filter anzubringen. Basierend auf seiner Erfahrung w\u00e4hlt der Bediener die Position aus, in der er den Filter w\u00e4scht.<br \/>\n-Schutz vor zu hohem Druck im Filter w\u00e4hrend der Reinigung.<br \/>\n-Schutz vor mangelnder Luftstr\u00f6mung im Filter w\u00e4hrend des Trocknens.<br \/>\n&#8211; M\u00f6glichkeit, das Reinigungsprogramm entsprechend der Filterkapazit\u00e4t individuell einzustellen<br \/>\n-Stabile Befestigung des Filters w\u00e4hrend der Trocknung<br \/>\n-Dreistufiges Schmutzwasserfiltersystem<br \/>\n-Wasserheizungsregler<br \/>\n-Isolierter Wassertank<br \/>\n-M\u00f6glichkeit der Durchf\u00fchrung von Schulungen beim Kunden[\/vc_column_text][\/vc_column][\/vc_row][vc_row rtl_reverse=&#8221;yes&#8221; css=&#8221;.vc_custom_1610445191668{padding-bottom: 50px !important;}&#8221;][vc_column width=&#8221;1\/2&#8243; offset=&#8221;vc_hidden-md vc_hidden-sm vc_hidden-xs&#8221;]\r\n    <div class=\"section_title\" style=\"text-align: left; margin: 0px auto 0px; padding: 0;\">\r\n        <h2 style=\"font-size:34px; color: #0066bf; font-weight: 800;\"> Technische Anforderungen <\/h2>\r\n         <div class=\"br\" style=\"\"><\/div>             <\/div>\r\n\r\n    [vc_column_text]Spannung 3P 400\/230V 50Hz<br \/>\nMaximale Leistung: 18 kW<br \/>\nDruckluft: min. 8Bar, Schlauchdurchmesser 8mm2<br \/>\nMindestschutzma\u00dfnahmen: S303 C25<br \/>\nEmpfohlener Schutz: S303 C32<br \/>\n32A 5P Stecker<br \/>\nLeistungsaufnahme:<\/p>\n<p>Nur 10 kW Trocknen<br \/>\nNur 8 kW Waschen[\/vc_column_text][\/vc_column][vc_column width=&#8221;1\/2&#8243;][vc_single_image image=&#8221;1257&#8243;][\/vc_column][\/vc_row][vc_row content_placement=&#8221;middle&#8221;][vc_column]\r\n    <div class=\"section_title\" style=\"text-align: center; margin: 50px auto 0px; padding: 0;\">\r\n        <h2 style=\"font-size:34px; color: #0066bf; font-weight: 800;\"> Ein Rundgang durch das Unternehmen <\/h2>\r\n         <div class=\"br\" style=\"margin: 0 auto;\"><\/div>             <\/div>\r\n\r\n    [vc_raw_html css=&#8221;.vc_custom_1610450779859{margin-top: 20px !important;}&#8221;]JTVCbWV0YV9nYWxsZXJ5X2Nhcm91c2VsJTIwaWQlM0QlMjI3OTMlMjIlNUQ=[\/vc_raw_html][\/vc_column][\/vc_row][vc_row][vc_column]\r\n    <div class=\"section_title\" style=\"text-align: center; margin: 50px auto 50px; padding: 0;\">\r\n        <h2 style=\"font-size:34px; color: #0066bf; font-weight: 800;\"> Galerie <\/h2>\r\n         <div class=\"br\" style=\"margin: 0 auto;\"><\/div>             <\/div>\r\n\r\n    [vc_masonry_media_grid style=&#8221;load-more&#8221; items_per_page=&#8221;8&#8243; element_width=&#8221;2&#8243; btn_title=&#8221;Zobacz wi\u0119cej&#8221; grid_id=&#8221;vc_gid:1698413524792-35831e86-253a-1&#8243; include=&#8221;765,1599,704,706,1600,1601,1552,1546,1545,1544,1543,1542,1541,1278,1280,1281&#8243;][\/vc_column][\/vc_row]<\/p>","protected":false},"excerpt":{"rendered":"<p>[vc_row css=&#8221;.vc_custom_1610444886259{padding-top: 80px !important;}&#8221;][vc_column css=&#8221;.vc_custom_1539264149729{padding-left: 30px !important;}&#8221;][vc_column_text css=&#8221;.vc_custom_1698391024466{margin-top: 40px !important;}&#8221;]Wir haben starke Argumente f\u00fcr diese Wahl: \u2013Polnischer Hersteller \u2013 Polnischer Service! Wie jedes technische Ger\u00e4t kann auch die DPF-Waschanlage ausfallen. Durch den Zugriff auf den Service des Herstellers kann der Endkunde sicher sein, dass der Fehler schnell behoben wird. Sowohl im Rahmen der Garantie als [&hellip;]<\/p>\n","protected":false},"author":1,"featured_media":0,"parent":0,"menu_order":0,"comment_status":"closed","ping_status":"closed","template":"","meta":[],"_links":{"self":[{"href":"https:\/\/dpf.marwis.pl\/de\/wp-json\/wp\/v2\/pages\/1481"}],"collection":[{"href":"https:\/\/dpf.marwis.pl\/de\/wp-json\/wp\/v2\/pages"}],"about":[{"href":"https:\/\/dpf.marwis.pl\/de\/wp-json\/wp\/v2\/types\/page"}],"author":[{"embeddable":true,"href":"https:\/\/dpf.marwis.pl\/de\/wp-json\/wp\/v2\/users\/1"}],"replies":[{"embeddable":true,"href":"https:\/\/dpf.marwis.pl\/de\/wp-json\/wp\/v2\/comments?post=1481"}],"version-history":[{"count":17,"href":"https:\/\/dpf.marwis.pl\/de\/wp-json\/wp\/v2\/pages\/1481\/revisions"}],"predecessor-version":[{"id":1606,"href":"https:\/\/dpf.marwis.pl\/de\/wp-json\/wp\/v2\/pages\/1481\/revisions\/1606"}],"wp:attachment":[{"href":"https:\/\/dpf.marwis.pl\/de\/wp-json\/wp\/v2\/media?parent=1481"}],"curies":[{"name":"wp","href":"https:\/\/api.w.org\/{rel}","templated":true}]}}