{"id":1400,"date":"2021-03-08T13:33:54","date_gmt":"2021-03-08T12:33:54","guid":{"rendered":"http:\/\/marwis.zoom.usermd.net\/?page_id=1400"},"modified":"2021-03-08T13:35:06","modified_gmt":"2021-03-08T12:35:06","slug":"odpieniacz-dx-99","status":"publish","type":"page","link":"https:\/\/dpf.marwis.pl\/de\/odpieniacz-dx-99\/","title":{"rendered":"Hydro Power 1200"},"content":{"rendered":"<p>[vc_row][vc_column][vc_raw_html]JTVCZmxleHlfYnJlYWRjcnVtYiU1RA==[\/vc_raw_html][\/vc_column][\/vc_row][vc_row][vc_column width=&#8221;1\/2&#8243;][vc_tta_pageable no_fill_content_area=&#8221;1&#8243; autoplay=&#8221;3&#8243; active_section=&#8221;1&#8243; pagination_style=&#8221;flat-square&#8221; pagination_color=&#8221;sky&#8221;][vc_tta_section title=&#8221;Zdj\u0119cie 1&#8243; tab_id=&#8221;1611225818058-aea80d57-450d&#8221;][vc_single_image image=&#8221;1159&#8243; img_size=&#8221;full&#8221; onclick=&#8221;link_image&#8221;][\/vc_tta_section][vc_tta_section title=&#8221;Zdj\u0119cie 2&#8243; tab_id=&#8221;1611225818080-a88c9976-4712&#8243;][vc_single_image image=&#8221;1160&#8243; img_size=&#8221;full&#8221; onclick=&#8221;link_image&#8221;][\/vc_tta_section][vc_tta_section title=&#8221;Zdj\u0119cie 3&#8243; tab_id=&#8221;1614072035187-22e86241-e067&#8243;][vc_single_image image=&#8221;1161&#8243; img_size=&#8221;full&#8221; alignment=&#8221;center&#8221; onclick=&#8221;link_image&#8221;][\/vc_tta_section][vc_tta_section title=&#8221;Zdj\u0119cie 4&#8243; tab_id=&#8221;1611225921599-3a3e3ebf-5a97&#8243;][vc_single_image image=&#8221;1162&#8243; img_size=&#8221;full&#8221; alignment=&#8221;center&#8221; onclick=&#8221;link_image&#8221;][\/vc_tta_section][vc_tta_section title=&#8221;Zdj\u0119cie 5&#8243; tab_id=&#8221;1614072090485-e5e90537-0f1a&#8221;][vc_single_image image=&#8221;1151&#8243; img_size=&#8221;full&#8221; alignment=&#8221;center&#8221; onclick=&#8221;link_image&#8221;][\/vc_tta_section][vc_tta_section title=&#8221;Zdj\u0119cie 6&#8243; tab_id=&#8221;1614072105898-a0c85944-9f53&#8243;][vc_single_image image=&#8221;1152&#8243; img_size=&#8221;full&#8221; alignment=&#8221;center&#8221; onclick=&#8221;link_image&#8221;][\/vc_tta_section][vc_tta_section title=&#8221;Zdj\u0119cie 7&#8243; tab_id=&#8221;1614072136923-7408c2af-f42e&#8221;][vc_single_image image=&#8221;1153&#8243; img_size=&#8221;full&#8221; alignment=&#8221;center&#8221; onclick=&#8221;link_image&#8221;][\/vc_tta_section][vc_tta_section title=&#8221;Zdj\u0119cie 8&#8243; tab_id=&#8221;1614072152969-7239fcea-3479&#8243;][vc_single_image image=&#8221;1154&#8243; img_size=&#8221;full&#8221; alignment=&#8221;center&#8221; onclick=&#8221;link_image&#8221;][\/vc_tta_section][vc_tta_section title=&#8221;Zdj\u0119cie 9&#8243; tab_id=&#8221;1614072170856-f300a242-d198&#8243;][vc_single_image image=&#8221;1155&#8243; img_size=&#8221;full&#8221; alignment=&#8221;center&#8221; onclick=&#8221;link_image&#8221;][\/vc_tta_section][vc_tta_section title=&#8221;Zdj\u0119cie 10&#8243; tab_id=&#8221;1614072186290-4dc14a81-c0a7&#8243;][vc_single_image image=&#8221;1156&#8243; img_size=&#8221;full&#8221; alignment=&#8221;center&#8221; onclick=&#8221;link_image&#8221;][\/vc_tta_section][vc_tta_section title=&#8221;Zdj\u0119cie 11&#8243; tab_id=&#8221;1614072201093-667fc99a-b2d5&#8243;][vc_single_image image=&#8221;1157&#8243; img_size=&#8221;full&#8221; alignment=&#8221;center&#8221; onclick=&#8221;link_image&#8221;][\/vc_tta_section][vc_tta_section title=&#8221;Zdj\u0119cie 12&#8243; tab_id=&#8221;1614072213289-ed309f75-e5bc&#8221;][vc_single_image image=&#8221;1158&#8243; img_size=&#8221;full&#8221; alignment=&#8221;center&#8221; onclick=&#8221;link_image&#8221;][\/vc_tta_section][\/vc_tta_pageable][\/vc_column][vc_column width=&#8221;1\/2&#8243;]\r\n    <div class=\"section_title\" style=\"text-align: center; margin: 0px auto 75px; padding: 0;\">\r\n        <h2 style=\"font-size:34px; color: #0066bf; font-weight: 800;\"> Hydro Power 1200 <\/h2>\r\n         <div class=\"br\" style=\"margin: 0 auto;\"><\/div>             <\/div>\r\n\r\n    [vc_tta_accordion][vc_tta_section title=&#8221;ZASTOSOWANIE&#8221; tab_id=&#8221;1611050130932-cc5a4393-a8f3&#8243;][vc_column_text]<\/p>\n<div class=\"tab\">\n<div id=\"tab-1\" class=\"tab-content\">\n<p>Hydro Power to profesjonalne myjki ci\u015bnieniowe, wykonane z wysokiej jako\u015bci stali nierdzewnej o szerokim zastosowaniu. Myjki bardzo dobrze sprawdzaj\u0105 si\u0119 przy regeneracji turbospr\u0105\u017carek oraz przy czyszczeniu silnie zabrudzonych cz\u0119\u015bci stali, \u017celiwa, aluminium i innych stop\u00f3w. Stosowane w warsztatach , serwisach , fabrykach przemys\u0142owych.<\/p>\n<\/div>\n<\/div>\n<p>[\/vc_column_text][\/vc_tta_section][vc_tta_section title=&#8221;OPIS DZIA\u0141ANIA&#8221; tab_id=&#8221;1611050130945-8641945f-6d2e&#8221;][vc_column_text]Mycie odbywa si\u0119 w obiegu zamkni\u0119tym, przy u\u017cyciu p\u0142ynu myj\u0105cego MRS Cleaner Ultra Active podgrzewanego do temperatury 45 st.C. Preparat MRS Cleaner Active wydobywa si\u0119 z dyszy pistoletu pod ci\u015bnieniem do 140 Bar, dzi\u0119ki czemu dok\u0142adnie myje trudno dost\u0119pne miejsca i silnie zabrudzone cz\u0119\u015bci z nagar\u00f3w, smar\u00f3w, czy olej\u00f3w. Zar\u00f3wno temperatura, jak i p\u0142yn zwi\u0119kszaj\u0105 efektywno\u015b\u0107 mycia. Myjki wyposa\u017cone s\u0105 w dwa filtry. Posiadaj\u0105 stopki reguluj\u0105ce, poziom regulacji wynosi do 20 cm. Klapy myjki wyposa\u017cyli\u015bmy w si\u0142owniki pneumatyczne zwi\u0119kszaj\u0105ce bezpiecze\u0144stwo i jako\u015b\u0107 pracy z myjk\u0105. Dodatkowym atutem w myjce jest p\u0119dzel przelotowy lub pistolet z powietrzem spr\u0119\u017conym. Na szybie znajduj\u0105 si\u0119 dysze czyszcz\u0105ce , co umo\u017cliwia widoczno\u015b\u0107 pracy myjki. -Zbiornik izolowany termicznie &#8211; skutecznie chroni znajduj\u0105cy si\u0119 w \u015brodku ogrzany p\u0142yn przed zbyt szybkim wych\u0142odzeniem. -Dysze czyszcz\u0105ce szyb\u0119 . -Stopki reguluj\u0105ce poziom wysoko\u015bci.[\/vc_column_text][\/vc_tta_section][vc_tta_section title=&#8221;DANE TECHNICZNE&#8221; tab_id=&#8221;1611052357239-a03ddaab-c372&#8243;][vc_column_text]Szeroko\u015b\u0107 ca\u0142kowita: 1410 mm<br \/>\nG\u0142\u0119boko\u015b\u0107 ca\u0142kowita: 800 mm<br \/>\nWysoko\u015b\u0107 min\/max. (pozycja zamkni??ta): 1720\/1920 mm<br \/>\nWysoko\u015b\u0107 min\/max. (pozycja otwarta): 2380\/2580 mm<br \/>\nSzeroko\u015b\u0107 robocza: 1100 mm<br \/>\nG\u0142\u0119boko\u015b\u0107 robocza: 700 mm<br \/>\nWysoko\u015b\u0107 robocza: 620 mm<br \/>\nMasa netto: 200 kg<br \/>\nPojemno\u015b\u0107 p\u0142ynu roboczego min-max.: 120-150 L<br \/>\nRegulacja temperatury: 0-50 st.C<br \/>\nWydajno\u015b\u0107 lancy: do 12 l\/min<br \/>\nCi\u015bnienie: 140 Ba<br \/>\nMoc grza\u0142ki: 6 kW<br \/>\nMoc silnika: 3kW\/1450obr\/min<br \/>\nNapi\u0119cie zasilania:3~400V<br \/>\nStopie\u0144 bezpiecze\u0144stwa: IP-54<br \/>\nMycie r\u0119czne p\u0119dzlem przelotowym: Do 5l\/min<br \/>\nPistolet spr\u0119\u017conego powietrza:max. 8 atm<br \/>\nO\u015bwietlenie: led<br \/>\nPompa wysokoci\u015bnieniowa: interpump<br \/>\nWy\u0142\u0105cznik: no\u017cny<br \/>\nOdolejacz: dyskowy[\/vc_column_text][\/vc_tta_section][vc_tta_section title=&#8221;OPCJE DODATKOWE&#8221; tab_id=&#8221;1613475565981-f27b99f1-758a&#8221;][vc_column_text]-Lanca natryskowa<br \/>\n-St\u00f3\u0142 obrotowy[\/vc_column_text][\/vc_tta_section][vc_tta_section title=&#8221;FILM&#8221; tab_id=&#8221;1613475586868-0a042baf-3b3a&#8221;][vc_video link=&#8221;https:\/\/www.youtube.com\/watch?v=ci2w9jwCKbA&amp;feature=emb_title&#8221;][\/vc_tta_section][\/vc_tta_accordion][vc_btn title=&#8221;SPRAWD\u0179 CEN\u0118&#8221; style=&#8221;flat&#8221; color=&#8221;primary&#8221; size=&#8221;lg&#8221; align=&#8221;center&#8221; link=&#8221;url:https%3A%2F%2Fmarwis24.pl%2Fpl%2Fp%2FMyjka-cisnieniowa-kabinowa-Hydro-Power-1200-140atm%2F23100622||target:%20_blank|&#8221;][vc_column_text]<\/p>\n<p style=\"text-align: center;\"><span style=\"color: #0066bf;\">Zapytaj o specjaln\u0105 ofert\u0119 dla Ciebie.<\/span><br \/>\n<strong><span style=\"color: #0066bf;\">Zadzwo\u0144! <\/span><\/strong><br \/>\n<strong><span style=\"color: #0066bf;\">tel. 669 100\u00a0666.<\/span><\/strong><\/p>\n<p>[\/vc_column_text][\/vc_column][\/vc_row]<\/p>","protected":false},"excerpt":{"rendered":"<p>[vc_row][vc_column][vc_raw_html]JTVCZmxleHlfYnJlYWRjcnVtYiU1RA==[\/vc_raw_html][\/vc_column][\/vc_row][vc_row][vc_column width=&#8221;1\/2&#8243;][vc_tta_pageable no_fill_content_area=&#8221;1&#8243; autoplay=&#8221;3&#8243; active_section=&#8221;1&#8243; pagination_style=&#8221;flat-square&#8221; pagination_color=&#8221;sky&#8221;][vc_tta_section title=&#8221;Zdj\u0119cie 1&#8243; tab_id=&#8221;1611225818058-aea80d57-450d&#8221;][vc_single_image image=&#8221;1159&#8243; img_size=&#8221;full&#8221; onclick=&#8221;link_image&#8221;][\/vc_tta_section][vc_tta_section title=&#8221;Zdj\u0119cie 2&#8243; tab_id=&#8221;1611225818080-a88c9976-4712&#8243;][vc_single_image image=&#8221;1160&#8243; img_size=&#8221;full&#8221; onclick=&#8221;link_image&#8221;][\/vc_tta_section][vc_tta_section title=&#8221;Zdj\u0119cie 3&#8243; tab_id=&#8221;1614072035187-22e86241-e067&#8243;][vc_single_image image=&#8221;1161&#8243; img_size=&#8221;full&#8221; alignment=&#8221;center&#8221; onclick=&#8221;link_image&#8221;][\/vc_tta_section][vc_tta_section title=&#8221;Zdj\u0119cie 4&#8243; tab_id=&#8221;1611225921599-3a3e3ebf-5a97&#8243;][vc_single_image image=&#8221;1162&#8243; img_size=&#8221;full&#8221; alignment=&#8221;center&#8221; onclick=&#8221;link_image&#8221;][\/vc_tta_section][vc_tta_section title=&#8221;Zdj\u0119cie 5&#8243; tab_id=&#8221;1614072090485-e5e90537-0f1a&#8221;][vc_single_image image=&#8221;1151&#8243; img_size=&#8221;full&#8221; alignment=&#8221;center&#8221; onclick=&#8221;link_image&#8221;][\/vc_tta_section][vc_tta_section title=&#8221;Zdj\u0119cie 6&#8243; tab_id=&#8221;1614072105898-a0c85944-9f53&#8243;][vc_single_image image=&#8221;1152&#8243; img_size=&#8221;full&#8221; alignment=&#8221;center&#8221; onclick=&#8221;link_image&#8221;][\/vc_tta_section][vc_tta_section title=&#8221;Zdj\u0119cie 7&#8243; tab_id=&#8221;1614072136923-7408c2af-f42e&#8221;][vc_single_image image=&#8221;1153&#8243; img_size=&#8221;full&#8221; alignment=&#8221;center&#8221; onclick=&#8221;link_image&#8221;][\/vc_tta_section][vc_tta_section title=&#8221;Zdj\u0119cie [&hellip;]<\/p>\n","protected":false},"author":1,"featured_media":0,"parent":0,"menu_order":0,"comment_status":"closed","ping_status":"open","template":"","meta":[],"_links":{"self":[{"href":"https:\/\/dpf.marwis.pl\/de\/wp-json\/wp\/v2\/pages\/1400"}],"collection":[{"href":"https:\/\/dpf.marwis.pl\/de\/wp-json\/wp\/v2\/pages"}],"about":[{"href":"https:\/\/dpf.marwis.pl\/de\/wp-json\/wp\/v2\/types\/page"}],"author":[{"embeddable":true,"href":"https:\/\/dpf.marwis.pl\/de\/wp-json\/wp\/v2\/users\/1"}],"replies":[{"embeddable":true,"href":"https:\/\/dpf.marwis.pl\/de\/wp-json\/wp\/v2\/comments?post=1400"}],"version-history":[{"count":1,"href":"https:\/\/dpf.marwis.pl\/de\/wp-json\/wp\/v2\/pages\/1400\/revisions"}],"predecessor-version":[{"id":1402,"href":"https:\/\/dpf.marwis.pl\/de\/wp-json\/wp\/v2\/pages\/1400\/revisions\/1402"}],"wp:attachment":[{"href":"https:\/\/dpf.marwis.pl\/de\/wp-json\/wp\/v2\/media?parent=1400"}],"curies":[{"name":"wp","href":"https:\/\/api.w.org\/{rel}","templated":true}]}}