{"id":1266,"date":"2021-03-01T12:25:52","date_gmt":"2021-03-01T11:25:52","guid":{"rendered":"http:\/\/marwis.zoom.usermd.net\/?page_id=1266"},"modified":"2023-10-27T11:06:13","modified_gmt":"2023-10-27T09:06:13","slug":"urzadzenie-dpf-duo-premium","status":"publish","type":"page","link":"https:\/\/dpf.marwis.pl\/de\/urzadzenia-do-regeneracji-dpf-fap\/urzadzenie-dpf-duo-premium\/","title":{"rendered":"DPF\/FAP-REGENERIERUNGSGER\u00c4TE"},"content":{"rendered":"<p>[vc_row][vc_column][vc_raw_html]JTVCZmxleHlfYnJlYWRjcnVtYiU1RA==[\/vc_raw_html][\/vc_column][\/vc_row][vc_row][vc_column width=&#8221;1\/2&#8243;][vc_tta_pageable no_fill_content_area=&#8221;1&#8243; autoplay=&#8221;3&#8243; active_section=&#8221;1&#8243; pagination_style=&#8221;flat-square&#8221; pagination_color=&#8221;sky&#8221;][vc_tta_section title=&#8221;Zdj\u0119cie 1&#8243; tab_id=&#8221;1611225818080-a88c9976-4712&#8243;][vc_single_image image=&#8221;1269&#8243; img_size=&#8221;full&#8221; onclick=&#8221;link_image&#8221;][\/vc_tta_section][vc_tta_section title=&#8221;Zdj\u0119cie 2&#8243; tab_id=&#8221;1611225921599-3a3e3ebf-5a97&#8243;][vc_single_image image=&#8221;1268&#8243; img_size=&#8221;full&#8221; alignment=&#8221;center&#8221; onclick=&#8221;link_image&#8221;][\/vc_tta_section][vc_tta_section title=&#8221;Zdj\u0119cie 3&#8243; tab_id=&#8221;1614596961981-0b0bf248-3a37&#8243;][vc_single_image image=&#8221;1270&#8243; img_size=&#8221;full&#8221; alignment=&#8221;center&#8221; onclick=&#8221;link_image&#8221;][\/vc_tta_section][\/vc_tta_pageable][\/vc_column][vc_column width=&#8221;1\/2&#8243;]\r\n    <div class=\"section_title\" style=\"text-align: center; margin: 0px auto 75px; padding: 0;\">\r\n        <h2 style=\"font-size:34px; color: #0066bf; font-weight: 800;\"> DPF\/FAP-REGENERIERUNGSGER\u00c4TE <\/h2>\r\n         <div class=\"br\" style=\"margin: 0 auto;\"><\/div>             <\/div>\r\n\r\n    [vc_tta_accordion][vc_tta_section title=&#8221;ANWENDUNG&#8221; tab_id=&#8221;1611050130932-cc5a4393-a8f3&#8243;][vc_column_text]Marwis, ein f\u00fchrender polnischer Hersteller von Reinigungs- und Waschger\u00e4ten, liefert seit Jahren Ger\u00e4te, die in vielen Werkst\u00e4tten und Industriebetrieben eingesetzt werden. Als Reaktion auf die aktuellen Bed\u00fcrfnisse des Automobilmarktes haben wir das DPF Duo Premium-Ger\u00e4t entwickelt. Mit dieser Maschine k\u00f6nnen Sie Ru\u00df und Asche aus dem DPF\/FAP-Filter entfernen, ohne die Filterstruktur negativ zu beeinflussen, und so bis zu 99 % des Nenndurchsatzes wiederherstellen. Unsere Technologen haben alle Anstrengungen unternommen, um sicherzustellen, dass der Reinigungsprozess f\u00fcr die Umwelt und die Maschinenbediener sicher ist.<\/p>\n<p>Mit diesem Ger\u00e4tesatz k\u00f6nnen Sie den Regenerationsprozess maximieren. Ein gut organisierter Bediener kann mit drei Filtern gleichzeitig arbeiten.[\/vc_column_text][\/vc_tta_section][vc_tta_section title=&#8221;EINE BESCHREIBUNG DER AKTION&#8221; tab_id=&#8221;1611050130945-8641945f-6d2e&#8221;][vc_column_text]Mithilfe einer endoskopischen Kamera pr\u00fcft der Bediener den Filter auf mechanische Besch\u00e4digungen. Wenn Schmelzen, Risse im Keramikeinsatz oder andere sichtbare mechanische Spuren festgestellt werden, die den DPF-Filter beeintr\u00e4chtigen, ist seine Regeneration nicht m\u00f6glich. Der Regenerationsprozess findet in einer geschlossenen Kammer statt, die mit Filtern ausgestattet ist, die verhindern, dass sch\u00e4dliche Verunreinigungen in den Raum gelangen, in dem sich die Maschine befindet. Das Wasser und die Fl\u00fcssigkeit zirkulieren in einem geschlossenen Kreislauf und werden w\u00e4hrend des gesamten Prozesses gefiltert, was die Lebensdauer des Bades deutlich verl\u00e4ngert. DPF DUO Premium reinigt Filter mit Wasser, Chemikalien und Luft. Eine richtig ausgew\u00e4hlte, computergesteuerte Abfolge der Zufuhr von Wasser mit chemischem Wirkstoff und Luft, kombiniert mit durch Druckluft erzeugten Impulsen, sorgt f\u00fcr eine hohe Regenerationseffizienz.<\/p>\n<p>Nach Abschluss des Reinigungsvorgangs trocknet eine zus\u00e4tzliche Vorrichtung den Filter mit 90 \u00b0C warmer Luft und sorgt so f\u00fcr eine vollst\u00e4ndige Verdunstung der Reinigungsl\u00f6sung. Nach Abschluss der Trocknung f\u00fchrt die Maschine eine abschlie\u00dfende Messung des Gegendrucks durch. Eine solche Messung kann auch vor der Reinigung durchgef\u00fchrt werden, was einen anschlie\u00dfenden Vergleich der Gegendruckwerte vor und nach der Reinigung erm\u00f6glicht. Das Ger\u00e4t ist mit einem Drucker ausgestattet, mit dem Sie einen Messbericht ausdrucken k\u00f6nnen.[\/vc_column_text][\/vc_tta_section][vc_tta_section title=&#8221;TECHNISCHE DATEN&#8221; tab_id=&#8221;1611052357239-a03ddaab-c372&#8243;][vc_column_text]Gesamtfl\u00e4che 2300 x 1400 x 2450 mm<br \/>\nArbeitsbereich 2000x900x1100<br \/>\nBelastbarkeit der Tischplatte 350 kg<br \/>\nTankinhalt 400 l<br \/>\nStromversorgung 400 V \/ 18 kW<br \/>\nKompressor (nicht im Lieferumfang enthalten) 10 Bar<br \/>\nFilterfl\u00e4che 15,6 m2<br \/>\nGewicht 750 kg<br \/>\nMaterial: Edelstahl 304 L<br \/>\nFunktionen: automatische Reinigung, Filtermontagemechanismus, Warmwasserbereitung, Touchscreen, Drucker, Hei\u00dflufttrocknung (zus\u00e4tzliche Kabine).[\/vc_column_text][\/vc_tta_section][\/vc_tta_accordion][vc_btn title=&#8221;PR\u00dcFEN SIE DEN PREIS&#8221; style=&#8221;flat&#8221; color=&#8221;primary&#8221; size=&#8221;lg&#8221; align=&#8221;center&#8221; link=&#8221;url:https%3A%2F%2Fmarwis24.pl%2Fpl%2Fp%2FMyjka-biologiczna-bio-wash-800-bioremediacja-%2F23100668||target:%20_blank|&#8221;][vc_column_text]<\/p>\n<p style=\"text-align: center;\"><span style=\"color: #0066bf;\">Fragen Sie nach einem Sonderangebot f\u00fcr Sie.<br \/>\nAnruf!<br \/>\nTel. 731 666 200<\/span><strong><span style=\"color: #0066bf;\">.<\/span><\/strong><\/p>\n<p>[\/vc_column_text][\/vc_column][\/vc_row]<\/p>","protected":false},"excerpt":{"rendered":"<p>[vc_row][vc_column][vc_raw_html]JTVCZmxleHlfYnJlYWRjcnVtYiU1RA==[\/vc_raw_html][\/vc_column][\/vc_row][vc_row][vc_column width=&#8221;1\/2&#8243;][vc_tta_pageable no_fill_content_area=&#8221;1&#8243; autoplay=&#8221;3&#8243; active_section=&#8221;1&#8243; pagination_style=&#8221;flat-square&#8221; pagination_color=&#8221;sky&#8221;][vc_tta_section title=&#8221;Zdj\u0119cie 1&#8243; tab_id=&#8221;1611225818080-a88c9976-4712&#8243;][vc_single_image image=&#8221;1269&#8243; img_size=&#8221;full&#8221; onclick=&#8221;link_image&#8221;][\/vc_tta_section][vc_tta_section title=&#8221;Zdj\u0119cie 2&#8243; tab_id=&#8221;1611225921599-3a3e3ebf-5a97&#8243;][vc_single_image image=&#8221;1268&#8243; img_size=&#8221;full&#8221; alignment=&#8221;center&#8221; onclick=&#8221;link_image&#8221;][\/vc_tta_section][vc_tta_section title=&#8221;Zdj\u0119cie 3&#8243; tab_id=&#8221;1614596961981-0b0bf248-3a37&#8243;][vc_single_image image=&#8221;1270&#8243; img_size=&#8221;full&#8221; alignment=&#8221;center&#8221; onclick=&#8221;link_image&#8221;][\/vc_tta_section][\/vc_tta_pageable][\/vc_column][vc_column width=&#8221;1\/2&#8243;][vc_tta_accordion][vc_tta_section title=&#8221;ANWENDUNG&#8221; tab_id=&#8221;1611050130932-cc5a4393-a8f3&#8243;][vc_column_text]Marwis, ein f\u00fchrender polnischer Hersteller von Reinigungs- und Waschger\u00e4ten, liefert seit Jahren Ger\u00e4te, die in vielen Werkst\u00e4tten und Industriebetrieben eingesetzt werden. Als Reaktion auf die aktuellen [&hellip;]<\/p>\n","protected":false},"author":1,"featured_media":0,"parent":1246,"menu_order":0,"comment_status":"closed","ping_status":"open","template":"","meta":[],"_links":{"self":[{"href":"https:\/\/dpf.marwis.pl\/de\/wp-json\/wp\/v2\/pages\/1266"}],"collection":[{"href":"https:\/\/dpf.marwis.pl\/de\/wp-json\/wp\/v2\/pages"}],"about":[{"href":"https:\/\/dpf.marwis.pl\/de\/wp-json\/wp\/v2\/types\/page"}],"author":[{"embeddable":true,"href":"https:\/\/dpf.marwis.pl\/de\/wp-json\/wp\/v2\/users\/1"}],"replies":[{"embeddable":true,"href":"https:\/\/dpf.marwis.pl\/de\/wp-json\/wp\/v2\/comments?post=1266"}],"version-history":[{"count":4,"href":"https:\/\/dpf.marwis.pl\/de\/wp-json\/wp\/v2\/pages\/1266\/revisions"}],"predecessor-version":[{"id":1595,"href":"https:\/\/dpf.marwis.pl\/de\/wp-json\/wp\/v2\/pages\/1266\/revisions\/1595"}],"up":[{"embeddable":true,"href":"https:\/\/dpf.marwis.pl\/de\/wp-json\/wp\/v2\/pages\/1246"}],"wp:attachment":[{"href":"https:\/\/dpf.marwis.pl\/de\/wp-json\/wp\/v2\/media?parent=1266"}],"curies":[{"name":"wp","href":"https:\/\/api.w.org\/{rel}","templated":true}]}}